{"id":109,"date":"2010-08-07T10:38:10","date_gmt":"2010-08-07T10:38:10","guid":{"rendered":"http:\/\/sundalsryr.se\/?page_id=109"},"modified":"2013-02-17T17:24:10","modified_gmt":"2013-02-17T17:24:10","slug":"bralandaboken-del-1-2","status":"publish","type":"page","link":"http:\/\/sundalsryr.se\/?page_id=109","title":{"rendered":"Br\u00e5landaboken del 1"},"content":{"rendered":"<p>Br\u00e5landaboken del\u00a01 \u00e4r skriven av Bertil Johansson och gavs ut 1975. Boken handlar om tre socknar p\u00e5 Dal, Br\u00e5landa, Gestad och Sundals Ryr. I del\u00a01 kan Du l\u00e4sa om kyrkorna, pr\u00e4sterna, skolorna, f\u00f6reningslivet m.m.<\/p>\n","protected":false},"excerpt":{"rendered":"<p>Br\u00e5landaboken del\u00a01 \u00e4r skriven av Bertil Johansson och gavs ut 1975. Boken handlar om tre socknar p\u00e5 Dal, Br\u00e5landa, Gestad och Sundals Ryr. I del\u00a01 kan Du l\u00e4sa om kyrkorna, pr\u00e4sterna, skolorna, f\u00f6reningslivet m.m.<\/p>\n","protected":false},"author":2,"featured_media":0,"parent":96,"menu_order":20,"comment_status":"closed","ping_status":"closed","template":"","meta":{"_monsterinsights_skip_tracking":false,"_monsterinsights_sitenote_active":false,"_monsterinsights_sitenote_note":"","_monsterinsights_sitenote_category":0,"footnotes":""},"class_list":["post-109","page","type-page","status-publish","hentry"],"_links":{"self":[{"href":"http:\/\/sundalsryr.se\/index.php?rest_route=\/wp\/v2\/pages\/109"}],"collection":[{"href":"http:\/\/sundalsryr.se\/index.php?rest_route=\/wp\/v2\/pages"}],"about":[{"href":"http:\/\/sundalsryr.se\/index.php?rest_route=\/wp\/v2\/types\/page"}],"author":[{"embeddable":true,"href":"http:\/\/sundalsryr.se\/index.php?rest_route=\/wp\/v2\/users\/2"}],"replies":[{"embeddable":true,"href":"http:\/\/sundalsryr.se\/index.php?rest_route=%2Fwp%2Fv2%2Fcomments&post=109"}],"version-history":[{"count":4,"href":"http:\/\/sundalsryr.se\/index.php?rest_route=\/wp\/v2\/pages\/109\/revisions"}],"predecessor-version":[{"id":111,"href":"http:\/\/sundalsryr.se\/index.php?rest_route=\/wp\/v2\/pages\/109\/revisions\/111"}],"up":[{"embeddable":true,"href":"http:\/\/sundalsryr.se\/index.php?rest_route=\/wp\/v2\/pages\/96"}],"wp:attachment":[{"href":"http:\/\/sundalsryr.se\/index.php?rest_route=%2Fwp%2Fv2%2Fmedia&parent=109"}],"curies":[{"name":"wp","href":"https:\/\/api.w.org\/{rel}","templated":true}]}}