{"id":136,"date":"2010-09-06T13:41:07","date_gmt":"2010-09-06T13:41:07","guid":{"rendered":"http:\/\/sundalsryr.se\/?page_id=136"},"modified":"2013-02-17T16:40:32","modified_gmt":"2013-02-17T16:40:32","slug":"kalender","status":"publish","type":"page","link":"http:\/\/sundalsryr.se\/?page_id=136","title":{"rendered":"P\u00e5 g\u00e5ng i bygden"},"content":{"rendered":"<p><strong>Sundals Ryrs byalag planerar aktiviteter och skickar ut ett byablad till alla boende och sommarstugor i Sundals Ryr samt \u00f6vriga medlemmar d\u00e4r plats och tid st\u00e5r f\u00f6r olika aktiviteter. Har Du \u00f6nskem\u00e5l om vilka aktiviteter byalaget skall arrangera kontakta n\u00e5gon i styrelsen. Styrelsen \u00e4r mycket tacksamma f\u00f6r ide\u00e9r.<\/strong><\/p>\n<p><strong> <\/strong><\/p>\n<p><strong> <\/strong><\/p>\n","protected":false},"excerpt":{"rendered":"<p>Sundals Ryrs byalag planerar aktiviteter och skickar ut ett byablad till alla boende och sommarstugor i Sundals Ryr samt \u00f6vriga medlemmar d\u00e4r plats och tid st\u00e5r f\u00f6r olika aktiviteter. Har Du \u00f6nskem\u00e5l om vilka aktiviteter byalaget skall arrangera kontakta n\u00e5gon i styrelsen. Styrelsen \u00e4r mycket tacksamma f\u00f6r ide\u00e9r.<\/p>\n","protected":false},"author":2,"featured_media":0,"parent":0,"menu_order":0,"comment_status":"closed","ping_status":"closed","template":"","meta":{"_monsterinsights_skip_tracking":false,"_monsterinsights_sitenote_active":false,"_monsterinsights_sitenote_note":"","_monsterinsights_sitenote_category":0,"footnotes":""},"class_list":["post-136","page","type-page","status-publish","hentry"],"_links":{"self":[{"href":"http:\/\/sundalsryr.se\/index.php?rest_route=\/wp\/v2\/pages\/136"}],"collection":[{"href":"http:\/\/sundalsryr.se\/index.php?rest_route=\/wp\/v2\/pages"}],"about":[{"href":"http:\/\/sundalsryr.se\/index.php?rest_route=\/wp\/v2\/types\/page"}],"author":[{"embeddable":true,"href":"http:\/\/sundalsryr.se\/index.php?rest_route=\/wp\/v2\/users\/2"}],"replies":[{"embeddable":true,"href":"http:\/\/sundalsryr.se\/index.php?rest_route=%2Fwp%2Fv2%2Fcomments&post=136"}],"version-history":[{"count":4,"href":"http:\/\/sundalsryr.se\/index.php?rest_route=\/wp\/v2\/pages\/136\/revisions"}],"predecessor-version":[{"id":138,"href":"http:\/\/sundalsryr.se\/index.php?rest_route=\/wp\/v2\/pages\/136\/revisions\/138"}],"wp:attachment":[{"href":"http:\/\/sundalsryr.se\/index.php?rest_route=%2Fwp%2Fv2%2Fmedia&parent=136"}],"curies":[{"name":"wp","href":"https:\/\/api.w.org\/{rel}","templated":true}]}}