{"id":169,"date":"2010-09-14T11:12:38","date_gmt":"2010-09-14T11:12:38","guid":{"rendered":"http:\/\/sundalsryr.se\/?page_id=169"},"modified":"2010-09-14T11:12:38","modified_gmt":"2010-09-14T11:12:38","slug":"farfar-berattar","status":"publish","type":"page","link":"http:\/\/sundalsryr.se\/?page_id=169","title":{"rendered":"Farfar ber\u00e4ttar"},"content":{"rendered":"<p>F\u00f6rfattare Hjalmar \u00c5berg, 1970.<\/p>\n","protected":false},"excerpt":{"rendered":"<p>F\u00f6rfattare Hjalmar \u00c5berg, 1970.<\/p>\n","protected":false},"author":2,"featured_media":0,"parent":96,"menu_order":60,"comment_status":"open","ping_status":"open","template":"","meta":{"_monsterinsights_skip_tracking":false,"_monsterinsights_sitenote_active":false,"_monsterinsights_sitenote_note":"","_monsterinsights_sitenote_category":0,"footnotes":""},"class_list":["post-169","page","type-page","status-publish","hentry"],"_links":{"self":[{"href":"http:\/\/sundalsryr.se\/index.php?rest_route=\/wp\/v2\/pages\/169"}],"collection":[{"href":"http:\/\/sundalsryr.se\/index.php?rest_route=\/wp\/v2\/pages"}],"about":[{"href":"http:\/\/sundalsryr.se\/index.php?rest_route=\/wp\/v2\/types\/page"}],"author":[{"embeddable":true,"href":"http:\/\/sundalsryr.se\/index.php?rest_route=\/wp\/v2\/users\/2"}],"replies":[{"embeddable":true,"href":"http:\/\/sundalsryr.se\/index.php?rest_route=%2Fwp%2Fv2%2Fcomments&post=169"}],"version-history":[{"count":1,"href":"http:\/\/sundalsryr.se\/index.php?rest_route=\/wp\/v2\/pages\/169\/revisions"}],"predecessor-version":[{"id":170,"href":"http:\/\/sundalsryr.se\/index.php?rest_route=\/wp\/v2\/pages\/169\/revisions\/170"}],"up":[{"embeddable":true,"href":"http:\/\/sundalsryr.se\/index.php?rest_route=\/wp\/v2\/pages\/96"}],"wp:attachment":[{"href":"http:\/\/sundalsryr.se\/index.php?rest_route=%2Fwp%2Fv2%2Fmedia&parent=169"}],"curies":[{"name":"wp","href":"https:\/\/api.w.org\/{rel}","templated":true}]}}