{"id":171,"date":"2010-09-14T11:13:56","date_gmt":"2010-09-14T11:13:56","guid":{"rendered":"http:\/\/sundalsryr.se\/?page_id=171"},"modified":"2010-09-14T11:13:56","modified_gmt":"2010-09-14T11:13:56","slug":"ortnamn-i-alvsborgs-lan","status":"publish","type":"page","link":"http:\/\/sundalsryr.se\/?page_id=171","title":{"rendered":"Ortnamn i \u00c4lvsborgs l\u00e4n"},"content":{"rendered":"<p>Beskriver ortnamnen i Sundals H\u00e4rad och \u00e4r utgiven av Kunglinga Ortnamnskommit\u00e9n 1910.<\/p>\n","protected":false},"excerpt":{"rendered":"<p>Beskriver ortnamnen i Sundals H\u00e4rad och \u00e4r utgiven av Kunglinga Ortnamnskommit\u00e9n 1910.<\/p>\n","protected":false},"author":2,"featured_media":0,"parent":96,"menu_order":65,"comment_status":"open","ping_status":"open","template":"","meta":{"_monsterinsights_skip_tracking":false,"_monsterinsights_sitenote_active":false,"_monsterinsights_sitenote_note":"","_monsterinsights_sitenote_category":0,"footnotes":""},"class_list":["post-171","page","type-page","status-publish","hentry"],"_links":{"self":[{"href":"http:\/\/sundalsryr.se\/index.php?rest_route=\/wp\/v2\/pages\/171"}],"collection":[{"href":"http:\/\/sundalsryr.se\/index.php?rest_route=\/wp\/v2\/pages"}],"about":[{"href":"http:\/\/sundalsryr.se\/index.php?rest_route=\/wp\/v2\/types\/page"}],"author":[{"embeddable":true,"href":"http:\/\/sundalsryr.se\/index.php?rest_route=\/wp\/v2\/users\/2"}],"replies":[{"embeddable":true,"href":"http:\/\/sundalsryr.se\/index.php?rest_route=%2Fwp%2Fv2%2Fcomments&post=171"}],"version-history":[{"count":1,"href":"http:\/\/sundalsryr.se\/index.php?rest_route=\/wp\/v2\/pages\/171\/revisions"}],"predecessor-version":[{"id":172,"href":"http:\/\/sundalsryr.se\/index.php?rest_route=\/wp\/v2\/pages\/171\/revisions\/172"}],"up":[{"embeddable":true,"href":"http:\/\/sundalsryr.se\/index.php?rest_route=\/wp\/v2\/pages\/96"}],"wp:attachment":[{"href":"http:\/\/sundalsryr.se\/index.php?rest_route=%2Fwp%2Fv2%2Fmedia&parent=171"}],"curies":[{"name":"wp","href":"https:\/\/api.w.org\/{rel}","templated":true}]}}