{"id":179,"date":"2010-09-14T11:18:37","date_gmt":"2010-09-14T11:18:37","guid":{"rendered":"http:\/\/sundalsryr.se\/?page_id=179"},"modified":"2010-09-14T11:18:37","modified_gmt":"2010-09-14T11:18:37","slug":"dalslanskt-leverne-under-300-ar","status":"publish","type":"page","link":"http:\/\/sundalsryr.se\/?page_id=179","title":{"rendered":"Dalsl\u00e4nskt leverne under 300 \u00e5r"},"content":{"rendered":"<p>F\u00f6rfattare Stig Fredriksson 2002.<\/p>\n","protected":false},"excerpt":{"rendered":"<p>F\u00f6rfattare Stig Fredriksson 2002.<\/p>\n","protected":false},"author":2,"featured_media":0,"parent":96,"menu_order":80,"comment_status":"open","ping_status":"open","template":"","meta":{"_monsterinsights_skip_tracking":false,"_monsterinsights_sitenote_active":false,"_monsterinsights_sitenote_note":"","_monsterinsights_sitenote_category":0,"footnotes":""},"class_list":["post-179","page","type-page","status-publish","hentry"],"_links":{"self":[{"href":"http:\/\/sundalsryr.se\/index.php?rest_route=\/wp\/v2\/pages\/179"}],"collection":[{"href":"http:\/\/sundalsryr.se\/index.php?rest_route=\/wp\/v2\/pages"}],"about":[{"href":"http:\/\/sundalsryr.se\/index.php?rest_route=\/wp\/v2\/types\/page"}],"author":[{"embeddable":true,"href":"http:\/\/sundalsryr.se\/index.php?rest_route=\/wp\/v2\/users\/2"}],"replies":[{"embeddable":true,"href":"http:\/\/sundalsryr.se\/index.php?rest_route=%2Fwp%2Fv2%2Fcomments&post=179"}],"version-history":[{"count":1,"href":"http:\/\/sundalsryr.se\/index.php?rest_route=\/wp\/v2\/pages\/179\/revisions"}],"predecessor-version":[{"id":180,"href":"http:\/\/sundalsryr.se\/index.php?rest_route=\/wp\/v2\/pages\/179\/revisions\/180"}],"up":[{"embeddable":true,"href":"http:\/\/sundalsryr.se\/index.php?rest_route=\/wp\/v2\/pages\/96"}],"wp:attachment":[{"href":"http:\/\/sundalsryr.se\/index.php?rest_route=%2Fwp%2Fv2%2Fmedia&parent=179"}],"curies":[{"name":"wp","href":"https:\/\/api.w.org\/{rel}","templated":true}]}}