{"id":26,"date":"2010-06-29T21:12:50","date_gmt":"2010-06-29T21:12:50","guid":{"rendered":"http:\/\/sundalsryr.se\/?page_id=26"},"modified":"2012-06-13T19:18:42","modified_gmt":"2012-06-13T19:18:42","slug":"leader","status":"publish","type":"page","link":"http:\/\/sundalsryr.se\/?page_id=26","title":{"rendered":"Aktivitetsleden"},"content":{"rendered":"<p>27 augusti 2011 invigdes Sundals Ryrs aktivitetsled. Den har kommit till i samband med ett Leaderprojekt som har p\u00e5g\u00e5tt sedan 2009 i bygden. Det finns numera sammanlagt \u00f6ver 9 mil led d\u00e4r man kan ta sig fram med cykel, h\u00e4st eller vandra. En karta och broschyr har tryckts upp och finns till f\u00f6rs\u00e4ljning (se k\u00f6pa karta). Under s\u00e4songen sommaren\/h\u00f6sten 2012 \u00e4r v\u00e5rt f\u00f6rsta \u00e5r s\u00e5 vi ber om urs\u00e4kt och det inte \u00e4r fullst\u00e4ndigt \u00f6verallt. Vi tar g\u00e4rna emot \u00e5sikter kring leden via info@sundalsryr.se. Lederna i skogen \u00e4r markerade med r\u00f6da pilar och r\u00f6da plastband.<\/p>\n","protected":false},"excerpt":{"rendered":"<p>27 augusti 2011 invigdes Sundals Ryrs aktivitetsled. Den har kommit till i samband med ett Leaderprojekt som har p\u00e5g\u00e5tt sedan 2009 i bygden. Det finns numera sammanlagt \u00f6ver 9 mil led d\u00e4r man kan ta sig fram med cykel, h\u00e4st eller vandra. En karta och broschyr har tryckts upp och finns till f\u00f6rs\u00e4ljning (se k\u00f6pa&#8230;<\/p>\n","protected":false},"author":2,"featured_media":0,"parent":0,"menu_order":20,"comment_status":"open","ping_status":"open","template":"","meta":{"_monsterinsights_skip_tracking":false,"_monsterinsights_sitenote_active":false,"_monsterinsights_sitenote_note":"","_monsterinsights_sitenote_category":0,"footnotes":""},"class_list":["post-26","page","type-page","status-publish","hentry"],"_links":{"self":[{"href":"http:\/\/sundalsryr.se\/index.php?rest_route=\/wp\/v2\/pages\/26"}],"collection":[{"href":"http:\/\/sundalsryr.se\/index.php?rest_route=\/wp\/v2\/pages"}],"about":[{"href":"http:\/\/sundalsryr.se\/index.php?rest_route=\/wp\/v2\/types\/page"}],"author":[{"embeddable":true,"href":"http:\/\/sundalsryr.se\/index.php?rest_route=\/wp\/v2\/users\/2"}],"replies":[{"embeddable":true,"href":"http:\/\/sundalsryr.se\/index.php?rest_route=%2Fwp%2Fv2%2Fcomments&post=26"}],"version-history":[{"count":4,"href":"http:\/\/sundalsryr.se\/index.php?rest_route=\/wp\/v2\/pages\/26\/revisions"}],"predecessor-version":[{"id":901,"href":"http:\/\/sundalsryr.se\/index.php?rest_route=\/wp\/v2\/pages\/26\/revisions\/901"}],"wp:attachment":[{"href":"http:\/\/sundalsryr.se\/index.php?rest_route=%2Fwp%2Fv2%2Fmedia&parent=26"}],"curies":[{"name":"wp","href":"https:\/\/api.w.org\/{rel}","templated":true}]}}