{"id":34,"date":"2010-06-29T21:20:48","date_gmt":"2010-06-29T21:20:48","guid":{"rendered":"http:\/\/sundalsryr.se\/?page_id=34"},"modified":"2020-07-08T08:55:50","modified_gmt":"2020-07-08T08:55:50","slug":"stuggruppen","status":"publish","type":"page","link":"http:\/\/sundalsryr.se\/?page_id=34","title":{"rendered":"F\u00f6r den kulturelle"},"content":{"rendered":"<p>Klicka p\u00e5 l\u00e4nken f\u00f6r att f\u00e5 mer information f\u00f6r dig som tycker om att f\u00f6rdjupa dina kunskaper om bygdens historia \u00a0 \u00a0 \u00a0 \u00a0 \u00a0 \u00a0 \u00a0 \u00a0 \u00a0 \u00a0\u00a0 <a href=\"http:\/\/sundalsryr.se\/wp-content\/uploads\/2010\/06\/sr_reklam_kultur_korr.pdf\">F\u00f6r den kulturelle<\/a><\/p>\n","protected":false},"excerpt":{"rendered":"<p>Klicka p\u00e5 l\u00e4nken f\u00f6r att f\u00e5 mer information f\u00f6r dig som tycker om att f\u00f6rdjupa dina kunskaper om bygdens historia \u00a0 \u00a0 \u00a0 \u00a0 \u00a0 \u00a0 \u00a0 \u00a0 \u00a0 \u00a0\u00a0 F\u00f6r den kulturelle<\/p>\n","protected":false},"author":2,"featured_media":0,"parent":26,"menu_order":20,"comment_status":"open","ping_status":"open","template":"","meta":{"_monsterinsights_skip_tracking":false,"_monsterinsights_sitenote_active":false,"_monsterinsights_sitenote_note":"","_monsterinsights_sitenote_category":0,"footnotes":""},"class_list":["post-34","page","type-page","status-publish","hentry"],"_links":{"self":[{"href":"http:\/\/sundalsryr.se\/index.php?rest_route=\/wp\/v2\/pages\/34"}],"collection":[{"href":"http:\/\/sundalsryr.se\/index.php?rest_route=\/wp\/v2\/pages"}],"about":[{"href":"http:\/\/sundalsryr.se\/index.php?rest_route=\/wp\/v2\/types\/page"}],"author":[{"embeddable":true,"href":"http:\/\/sundalsryr.se\/index.php?rest_route=\/wp\/v2\/users\/2"}],"replies":[{"embeddable":true,"href":"http:\/\/sundalsryr.se\/index.php?rest_route=%2Fwp%2Fv2%2Fcomments&post=34"}],"version-history":[{"count":4,"href":"http:\/\/sundalsryr.se\/index.php?rest_route=\/wp\/v2\/pages\/34\/revisions"}],"predecessor-version":[{"id":4855,"href":"http:\/\/sundalsryr.se\/index.php?rest_route=\/wp\/v2\/pages\/34\/revisions\/4855"}],"up":[{"embeddable":true,"href":"http:\/\/sundalsryr.se\/index.php?rest_route=\/wp\/v2\/pages\/26"}],"wp:attachment":[{"href":"http:\/\/sundalsryr.se\/index.php?rest_route=%2Fwp%2Fv2%2Fmedia&parent=34"}],"curies":[{"name":"wp","href":"https:\/\/api.w.org\/{rel}","templated":true}]}}