{"id":35,"date":"2010-06-29T21:21:53","date_gmt":"2010-06-29T21:21:53","guid":{"rendered":"http:\/\/sundalsryr.se\/?page_id=35"},"modified":"2020-07-08T08:56:44","modified_gmt":"2020-07-08T08:56:44","slug":"bollunggruppen","status":"publish","type":"page","link":"http:\/\/sundalsryr.se\/?page_id=35","title":{"rendered":"F\u00f6r cyklisten"},"content":{"rendered":"<p>Klicka p\u00e5 l\u00e4nken f\u00f6r att f\u00e5 mer information f\u00f6r dig som tycker om att ta dig en cykeltur, mountainbike eller traditionell cykel \u00a0\u00a0 <a href=\"http:\/\/sundalsryr.se\/wp-content\/uploads\/2010\/06\/sr_reklam_cykel_korr.pdf\">F\u00f6r<\/a> cyklisten<\/p>\n","protected":false},"excerpt":{"rendered":"<p>Klicka p\u00e5 l\u00e4nken f\u00f6r att f\u00e5 mer information f\u00f6r dig som tycker om att ta dig en cykeltur, mountainbike eller traditionell cykel \u00a0\u00a0 F\u00f6r cyklisten<\/p>\n","protected":false},"author":2,"featured_media":0,"parent":26,"menu_order":30,"comment_status":"open","ping_status":"open","template":"","meta":{"_monsterinsights_skip_tracking":false,"_monsterinsights_sitenote_active":false,"_monsterinsights_sitenote_note":"","_monsterinsights_sitenote_category":0,"footnotes":""},"class_list":["post-35","page","type-page","status-publish","hentry"],"_links":{"self":[{"href":"http:\/\/sundalsryr.se\/index.php?rest_route=\/wp\/v2\/pages\/35"}],"collection":[{"href":"http:\/\/sundalsryr.se\/index.php?rest_route=\/wp\/v2\/pages"}],"about":[{"href":"http:\/\/sundalsryr.se\/index.php?rest_route=\/wp\/v2\/types\/page"}],"author":[{"embeddable":true,"href":"http:\/\/sundalsryr.se\/index.php?rest_route=\/wp\/v2\/users\/2"}],"replies":[{"embeddable":true,"href":"http:\/\/sundalsryr.se\/index.php?rest_route=%2Fwp%2Fv2%2Fcomments&post=35"}],"version-history":[{"count":4,"href":"http:\/\/sundalsryr.se\/index.php?rest_route=\/wp\/v2\/pages\/35\/revisions"}],"predecessor-version":[{"id":4857,"href":"http:\/\/sundalsryr.se\/index.php?rest_route=\/wp\/v2\/pages\/35\/revisions\/4857"}],"up":[{"embeddable":true,"href":"http:\/\/sundalsryr.se\/index.php?rest_route=\/wp\/v2\/pages\/26"}],"wp:attachment":[{"href":"http:\/\/sundalsryr.se\/index.php?rest_route=%2Fwp%2Fv2%2Fmedia&parent=35"}],"curies":[{"name":"wp","href":"https:\/\/api.w.org\/{rel}","templated":true}]}}