{"id":5714,"date":"2023-06-26T17:25:25","date_gmt":"2023-06-26T17:25:25","guid":{"rendered":"http:\/\/sundalsryr.se\/?page_id=5714"},"modified":"2025-02-26T18:59:21","modified_gmt":"2025-02-26T18:59:21","slug":"kontakt","status":"publish","type":"page","link":"http:\/\/sundalsryr.se\/?page_id=5714","title":{"rendered":"Kontakt"},"content":{"rendered":"\n<p><strong>Ordf\u00f6rande<\/strong><\/p>\n\n\n\n<p>Rickard Pettersson \u00c5rbol&nbsp; &nbsp;073-8354723<\/p>\n\n\n\n<p><strong>Vice Ordf\u00f6rande<\/strong><\/p>\n\n\n\n<p>Anders Broberg S\u00f6dra Bleken 070-9350306<\/p>\n\n\n\n<p><strong>Sekreterare<\/strong><\/p>\n\n\n\n<p>Moa Ekwall H\u00f6gen 070-6055507<\/p>\n\n\n\n<p><strong>Register och Fakturaansvarig<\/strong><\/p>\n\n\n\n<p>Angelica Johansson N\u00e4set 072-2228066<\/p>\n\n\n\n<p><strong>Kass\u00f6r<\/strong><\/p>\n\n\n\n<p>Sara Lind Sallebyn\u00a0 \u00a0070-6630373<\/p>\n\n\n\n<p><strong>Vattenansvarig<\/strong><\/p>\n\n\n\n<p>Sebastian Holmqvist V\u00e4stra Bleken 073-6332602<\/p>\n\n\n\n<p><strong>Fiberansvarig<\/strong><\/p>\n\n\n\n<p>Michael Carlsson Torg\u00e4rderud 073-5344960<\/p>\n","protected":false},"excerpt":{"rendered":"<p>Ordf\u00f6rande Rickard Pettersson \u00c5rbol&nbsp; &nbsp;073-8354723 Vice Ordf\u00f6rande Anders Broberg S\u00f6dra Bleken 070-9350306 Sekreterare Moa Ekwall H\u00f6gen 070-6055507 Register och Fakturaansvarig Angelica Johansson N\u00e4set 072-2228066 Kass\u00f6r Sara Lind Sallebyn\u00a0 \u00a0070-6630373 Vattenansvarig Sebastian Holmqvist V\u00e4stra Bleken 073-6332602 Fiberansvarig Michael Carlsson Torg\u00e4rderud 073-5344960<\/p>\n","protected":false},"author":9,"featured_media":0,"parent":4700,"menu_order":1,"comment_status":"closed","ping_status":"closed","template":"","meta":{"_monsterinsights_skip_tracking":false,"_monsterinsights_sitenote_active":false,"_monsterinsights_sitenote_note":"","_monsterinsights_sitenote_category":0,"footnotes":""},"class_list":["post-5714","page","type-page","status-publish","hentry"],"_links":{"self":[{"href":"http:\/\/sundalsryr.se\/index.php?rest_route=\/wp\/v2\/pages\/5714"}],"collection":[{"href":"http:\/\/sundalsryr.se\/index.php?rest_route=\/wp\/v2\/pages"}],"about":[{"href":"http:\/\/sundalsryr.se\/index.php?rest_route=\/wp\/v2\/types\/page"}],"author":[{"embeddable":true,"href":"http:\/\/sundalsryr.se\/index.php?rest_route=\/wp\/v2\/users\/9"}],"replies":[{"embeddable":true,"href":"http:\/\/sundalsryr.se\/index.php?rest_route=%2Fwp%2Fv2%2Fcomments&post=5714"}],"version-history":[{"count":3,"href":"http:\/\/sundalsryr.se\/index.php?rest_route=\/wp\/v2\/pages\/5714\/revisions"}],"predecessor-version":[{"id":6129,"href":"http:\/\/sundalsryr.se\/index.php?rest_route=\/wp\/v2\/pages\/5714\/revisions\/6129"}],"up":[{"embeddable":true,"href":"http:\/\/sundalsryr.se\/index.php?rest_route=\/wp\/v2\/pages\/4700"}],"wp:attachment":[{"href":"http:\/\/sundalsryr.se\/index.php?rest_route=%2Fwp%2Fv2%2Fmedia&parent=5714"}],"curies":[{"name":"wp","href":"https:\/\/api.w.org\/{rel}","templated":true}]}}