{"id":96,"date":"2010-08-02T20:18:58","date_gmt":"2010-08-02T20:18:58","guid":{"rendered":"http:\/\/sundalsryr.se\/?page_id=96"},"modified":"2010-10-05T08:24:24","modified_gmt":"2010-10-05T08:24:24","slug":"litteratur-om-var-bygd","status":"publish","type":"page","link":"http:\/\/sundalsryr.se\/?page_id=96","title":{"rendered":"Litteratur om v\u00e5r bygd"},"content":{"rendered":"<p>H\u00e4r f\u00e5r du tips om litteratur som handlar om v\u00e5r bygd-Sundals Ryr. Under varje titel kan Du kommentera boken, var den bra, vilka guldkorn fastnade Du f\u00f6r, vem kan boken passa-alla \u00e5ldrar, husintresserade, sl\u00e4ktforskningsintresserade o.s.v. B\u00f6cker kommer att fyllas p\u00e5 allteftersom och om Du har n\u00e5gra boktips maila dem till <a href=\"mailto:ennasus78@hotmail.com\">ennasus78@hotmail.com<\/a>.<\/p>\n","protected":false},"excerpt":{"rendered":"<p>H\u00e4r f\u00e5r du tips om litteratur som handlar om v\u00e5r bygd-Sundals Ryr. Under varje titel kan Du kommentera boken, var den bra, vilka guldkorn fastnade Du f\u00f6r, vem kan boken passa-alla \u00e5ldrar, husintresserade, sl\u00e4ktforskningsintresserade o.s.v. B\u00f6cker kommer att fyllas p\u00e5 allteftersom och om Du har n\u00e5gra boktips maila dem till ennasus78@hotmail.com.<\/p>\n","protected":false},"author":2,"featured_media":0,"parent":38,"menu_order":60,"comment_status":"open","ping_status":"open","template":"","meta":{"_monsterinsights_skip_tracking":false,"_monsterinsights_sitenote_active":false,"_monsterinsights_sitenote_note":"","_monsterinsights_sitenote_category":0,"footnotes":""},"class_list":["post-96","page","type-page","status-publish","hentry"],"_links":{"self":[{"href":"http:\/\/sundalsryr.se\/index.php?rest_route=\/wp\/v2\/pages\/96"}],"collection":[{"href":"http:\/\/sundalsryr.se\/index.php?rest_route=\/wp\/v2\/pages"}],"about":[{"href":"http:\/\/sundalsryr.se\/index.php?rest_route=\/wp\/v2\/types\/page"}],"author":[{"embeddable":true,"href":"http:\/\/sundalsryr.se\/index.php?rest_route=\/wp\/v2\/users\/2"}],"replies":[{"embeddable":true,"href":"http:\/\/sundalsryr.se\/index.php?rest_route=%2Fwp%2Fv2%2Fcomments&post=96"}],"version-history":[{"count":5,"href":"http:\/\/sundalsryr.se\/index.php?rest_route=\/wp\/v2\/pages\/96\/revisions"}],"predecessor-version":[{"id":97,"href":"http:\/\/sundalsryr.se\/index.php?rest_route=\/wp\/v2\/pages\/96\/revisions\/97"}],"up":[{"embeddable":true,"href":"http:\/\/sundalsryr.se\/index.php?rest_route=\/wp\/v2\/pages\/38"}],"wp:attachment":[{"href":"http:\/\/sundalsryr.se\/index.php?rest_route=%2Fwp%2Fv2%2Fmedia&parent=96"}],"curies":[{"name":"wp","href":"https:\/\/api.w.org\/{rel}","templated":true}]}}