{"id":100,"date":"2010-08-02T20:38:06","date_gmt":"2010-08-02T20:38:06","guid":{"rendered":"http:\/\/sundalsryr.se\/?page_id=100"},"modified":"2010-08-02T20:38:06","modified_gmt":"2010-08-02T20:38:06","slug":"sundals-ryr-en-socken-pa-dal-2005","status":"publish","type":"page","link":"https:\/\/sundalsryr.se\/?page_id=100","title":{"rendered":"Sundals Ryr en socken p\u00e5 dal 2005"},"content":{"rendered":"<p>I samband med att kyrkan firade 100 \u00e5r gjordes en nutidsdokumentation av hur Sundals Ryr s\u00e5g ut \u00e5r 2005. Alla fastigheter dokumenterades genom foto och kortare text i form av beskrivning av fastigheten och ev. familjebeskrivning. Det finns ocks\u00e5 kortare beskrivning av olika f\u00f6reningar i bygden och av kyrkorna. Finns tyv\u00e4rr inga exemplar kvar att k\u00f6pa men boken finns att l\u00e5na p\u00e5 biblioteken i n\u00e4romr\u00e5det.<\/p>\n","protected":false},"excerpt":{"rendered":"<p>I samband med att kyrkan firade 100 \u00e5r gjordes en nutidsdokumentation av hur Sundals Ryr s\u00e5g ut \u00e5r 2005. Alla fastigheter dokumenterades genom foto och kortare text i form av beskrivning av fastigheten och ev. familjebeskrivning. Det finns ocks\u00e5 kortare beskrivning av olika f\u00f6reningar i bygden och av kyrkorna. Finns tyv\u00e4rr inga exemplar kvar att&#8230;<\/p>\n","protected":false},"author":2,"featured_media":0,"parent":96,"menu_order":0,"comment_status":"open","ping_status":"open","template":"","meta":{"_monsterinsights_skip_tracking":false,"_monsterinsights_sitenote_active":false,"_monsterinsights_sitenote_note":"","_monsterinsights_sitenote_category":0,"footnotes":""},"class_list":["post-100","page","type-page","status-publish","hentry"],"_links":{"self":[{"href":"https:\/\/sundalsryr.se\/index.php?rest_route=\/wp\/v2\/pages\/100"}],"collection":[{"href":"https:\/\/sundalsryr.se\/index.php?rest_route=\/wp\/v2\/pages"}],"about":[{"href":"https:\/\/sundalsryr.se\/index.php?rest_route=\/wp\/v2\/types\/page"}],"author":[{"embeddable":true,"href":"https:\/\/sundalsryr.se\/index.php?rest_route=\/wp\/v2\/users\/2"}],"replies":[{"embeddable":true,"href":"https:\/\/sundalsryr.se\/index.php?rest_route=%2Fwp%2Fv2%2Fcomments&post=100"}],"version-history":[{"count":2,"href":"https:\/\/sundalsryr.se\/index.php?rest_route=\/wp\/v2\/pages\/100\/revisions"}],"predecessor-version":[{"id":102,"href":"https:\/\/sundalsryr.se\/index.php?rest_route=\/wp\/v2\/pages\/100\/revisions\/102"}],"up":[{"embeddable":true,"href":"https:\/\/sundalsryr.se\/index.php?rest_route=\/wp\/v2\/pages\/96"}],"wp:attachment":[{"href":"https:\/\/sundalsryr.se\/index.php?rest_route=%2Fwp%2Fv2%2Fmedia&parent=100"}],"curies":[{"name":"wp","href":"https:\/\/api.w.org\/{rel}","templated":true}]}}