{"id":105,"date":"2010-08-07T10:32:31","date_gmt":"2010-08-07T10:32:31","guid":{"rendered":"http:\/\/sundalsryr.se\/?page_id=105"},"modified":"2010-08-07T10:35:24","modified_gmt":"2010-08-07T10:35:24","slug":"bralandaboken-del-1","status":"publish","type":"page","link":"https:\/\/sundalsryr.se\/?page_id=105","title":{"rendered":"Br\u00e5landaboken del 2"},"content":{"rendered":"<p>Br\u00e5landaboken del\u00a02 \u00e4r skriven av Bertil Johansson och gavs ut 1984. Boken handlar om tre socknar p\u00e5 Dal, Br\u00e5landa, Gestad och Sundals Ryr. I del\u00a02 kan Du l\u00e4sa om jordbruket, g\u00e5rdar och sl\u00e4kter.<\/p>\n","protected":false},"excerpt":{"rendered":"<p>Br\u00e5landaboken del\u00a02 \u00e4r skriven av Bertil Johansson och gavs ut 1984. Boken handlar om tre socknar p\u00e5 Dal, Br\u00e5landa, Gestad och Sundals Ryr. I del\u00a02 kan Du l\u00e4sa om jordbruket, g\u00e5rdar och sl\u00e4kter.<\/p>\n","protected":false},"author":2,"featured_media":0,"parent":96,"menu_order":25,"comment_status":"open","ping_status":"open","template":"","meta":{"_monsterinsights_skip_tracking":false,"_monsterinsights_sitenote_active":false,"_monsterinsights_sitenote_note":"","_monsterinsights_sitenote_category":0,"footnotes":""},"class_list":["post-105","page","type-page","status-publish","hentry"],"_links":{"self":[{"href":"https:\/\/sundalsryr.se\/index.php?rest_route=\/wp\/v2\/pages\/105"}],"collection":[{"href":"https:\/\/sundalsryr.se\/index.php?rest_route=\/wp\/v2\/pages"}],"about":[{"href":"https:\/\/sundalsryr.se\/index.php?rest_route=\/wp\/v2\/types\/page"}],"author":[{"embeddable":true,"href":"https:\/\/sundalsryr.se\/index.php?rest_route=\/wp\/v2\/users\/2"}],"replies":[{"embeddable":true,"href":"https:\/\/sundalsryr.se\/index.php?rest_route=%2Fwp%2Fv2%2Fcomments&post=105"}],"version-history":[{"count":3,"href":"https:\/\/sundalsryr.se\/index.php?rest_route=\/wp\/v2\/pages\/105\/revisions"}],"predecessor-version":[{"id":107,"href":"https:\/\/sundalsryr.se\/index.php?rest_route=\/wp\/v2\/pages\/105\/revisions\/107"}],"up":[{"embeddable":true,"href":"https:\/\/sundalsryr.se\/index.php?rest_route=\/wp\/v2\/pages\/96"}],"wp:attachment":[{"href":"https:\/\/sundalsryr.se\/index.php?rest_route=%2Fwp%2Fv2%2Fmedia&parent=105"}],"curies":[{"name":"wp","href":"https:\/\/api.w.org\/{rel}","templated":true}]}}