{"id":1490,"date":"2013-02-17T21:39:21","date_gmt":"2013-02-17T21:39:21","guid":{"rendered":"http:\/\/sundalsryr.se\/?page_id=1490"},"modified":"2013-02-17T21:39:21","modified_gmt":"2013-02-17T21:39:21","slug":"gamla-kyrkan","status":"publish","type":"page","link":"https:\/\/sundalsryr.se\/?page_id=1490","title":{"rendered":"Gamla kyrkan"},"content":{"rendered":"<p><a href=\"http:\/\/sundalsryr.se\/wp-content\/uploads\/2013\/02\/gamla_kyrkan_20100524_2.jpg\"><img loading=\"lazy\" decoding=\"async\" class=\"alignleft size-medium wp-image-1492\" title=\"gamla_kyrkan_20100524_2\" src=\"http:\/\/sundalsryr.se\/wp-content\/uploads\/2013\/02\/gamla_kyrkan_20100524_2-300x199.jpg\" alt=\"\" width=\"300\" height=\"199\" srcset=\"https:\/\/sundalsryr.se\/wp-content\/uploads\/2013\/02\/gamla_kyrkan_20100524_2-300x199.jpg 300w, https:\/\/sundalsryr.se\/wp-content\/uploads\/2013\/02\/gamla_kyrkan_20100524_2.jpg 1021w\" sizes=\"(max-width: 300px) 100vw, 300px\" \/><\/a><\/p>\n<p>Sundals Ryrs Gamla kyrka byggdes troligen p\u00e5 1200-talet och \u00e4r p\u00e5 560m<sup>2<\/sup>, uppf\u00f6rd av naturlig sten. Taket var fr\u00e5n b\u00f6rjan t\u00e4ckt med eksp\u00e5n, som 1843 ersattes av skifferplattor. Kyrkan saknar idag vapenhus, liksom sakristian. Vapenhus har dock tidigare funnits och var bel\u00e4get vid en \u00f6ppning p\u00e5 s\u00f6dra l\u00e5ngv\u00e4ggen, som nu \u00e4r igensatt. Den nuvarande klockstapeln \u00e4r fr\u00e5n 1900-talet, men flera har tidigare funnits. Ing\u00e5ngar finns p\u00e5 v\u00e4stra och s\u00f6dra sidan. F\u00f6nstren har gammalt glas i blyinfattning med j\u00e4rnstag. Intrei\u00f6ren pr\u00e4glas i h\u00f6g grad av m\u00e5lningar utf\u00f6rda av 1700-talsm\u00e4staren H G Sch\u00fcffner. Takm\u00e5lningarna \u00e4r av denne konstn\u00e4r, som \u00e4ven dekorerat flera kyrkor i Dalsland och s\u00f6dra V\u00e4rmland, och dateras till \u00e5r 1748. De f\u00f6rest\u00e4ller de sex skapelsedagarna, Gudsuppenbarelsen i Jerusalems tempel, Jesu dop och yttersta domen. Altartavlan, ocks\u00e5 av Sch\u00fcffner, framst\u00e4ller Jesus p\u00e5 korset omgiven av modern Maria och l\u00e4rjungen Johannes. P\u00e5 l\u00e4ktarens framsida har Sch\u00fcffner avbildat de tolv apostlarna. Predikstolen \u00e4r fr\u00e5n 1600-talet och b\u00e4nkarna, som \u00e4r omm\u00e5lade p\u00e5 tv\u00e5 n\u00e4r, \u00e4r fr\u00e5n \u00e5r 1824. I koret finns en orgel, byggd 1795 i Stockholm av Peter Strand. Efter delvis ok\u00e4nda \u00f6den donerades den till Sundal Ryrs f\u00f6rsamling och sattes i st\u00e5nd och togs i bruk i Gamla kyrkan 1974. Kyrkan var f\u00f6rsamlingskyrka fr\u00e5n tillkomsten till 1905. Den omgivande kyrkog\u00e5rden har tj\u00e4nstgjort som f\u00f6rsamlingens begravningsplats under samma tid. Idag h\u00e5lls n\u00e5gra gudstj\u00e4nster i kyrkan under sommartid. Sundals Ryrs Gamla kyrka \u00e4r, som m\u00e5nga andra gamla kyrkor, bel\u00e4gen p\u00e5 en plats d\u00e4r flera f\u00e4rdv\u00e4gar m\u00f6ts. I dess n\u00e4rhet rinner, ocks\u00e5 utm\u00e4rkande f\u00f6r gamla helgedomar, ett vattendrag, D\u00e4lpan.<br \/>\n<a href=\"http:\/\/sundalsryr.se\/wp-content\/uploads\/2013\/02\/DSCN5601.jpg\"><img loading=\"lazy\" decoding=\"async\" class=\"alignleft size-medium wp-image-1491\" title=\"DSCN5601\" src=\"http:\/\/sundalsryr.se\/wp-content\/uploads\/2013\/02\/DSCN5601-300x225.jpg\" alt=\"\" width=\"300\" height=\"225\" srcset=\"https:\/\/sundalsryr.se\/wp-content\/uploads\/2013\/02\/DSCN5601-300x225.jpg 300w, https:\/\/sundalsryr.se\/wp-content\/uploads\/2013\/02\/DSCN5601-1024x768.jpg 1024w\" sizes=\"(max-width: 300px) 100vw, 300px\" \/><\/a><\/p>\n","protected":false},"excerpt":{"rendered":"<p>Sundals Ryrs Gamla kyrka byggdes troligen p\u00e5 1200-talet och \u00e4r p\u00e5 560m2, uppf\u00f6rd av naturlig sten. Taket var fr\u00e5n b\u00f6rjan t\u00e4ckt med eksp\u00e5n, som 1843 ersattes av skifferplattor. Kyrkan saknar idag vapenhus, liksom sakristian. Vapenhus har dock tidigare funnits och var bel\u00e4get vid en \u00f6ppning p\u00e5 s\u00f6dra l\u00e5ngv\u00e4ggen, som nu \u00e4r igensatt. Den nuvarande klockstapeln&#8230;<\/p>\n","protected":false},"author":2,"featured_media":0,"parent":158,"menu_order":40,"comment_status":"closed","ping_status":"closed","template":"","meta":{"_monsterinsights_skip_tracking":false,"_monsterinsights_sitenote_active":false,"_monsterinsights_sitenote_note":"","_monsterinsights_sitenote_category":0,"footnotes":""},"class_list":["post-1490","page","type-page","status-publish","hentry"],"_links":{"self":[{"href":"https:\/\/sundalsryr.se\/index.php?rest_route=\/wp\/v2\/pages\/1490"}],"collection":[{"href":"https:\/\/sundalsryr.se\/index.php?rest_route=\/wp\/v2\/pages"}],"about":[{"href":"https:\/\/sundalsryr.se\/index.php?rest_route=\/wp\/v2\/types\/page"}],"author":[{"embeddable":true,"href":"https:\/\/sundalsryr.se\/index.php?rest_route=\/wp\/v2\/users\/2"}],"replies":[{"embeddable":true,"href":"https:\/\/sundalsryr.se\/index.php?rest_route=%2Fwp%2Fv2%2Fcomments&post=1490"}],"version-history":[{"count":1,"href":"https:\/\/sundalsryr.se\/index.php?rest_route=\/wp\/v2\/pages\/1490\/revisions"}],"predecessor-version":[{"id":1493,"href":"https:\/\/sundalsryr.se\/index.php?rest_route=\/wp\/v2\/pages\/1490\/revisions\/1493"}],"up":[{"embeddable":true,"href":"https:\/\/sundalsryr.se\/index.php?rest_route=\/wp\/v2\/pages\/158"}],"wp:attachment":[{"href":"https:\/\/sundalsryr.se\/index.php?rest_route=%2Fwp%2Fv2%2Fmedia&parent=1490"}],"curies":[{"name":"wp","href":"https:\/\/api.w.org\/{rel}","templated":true}]}}