{"id":1718,"date":"2013-06-13T09:17:27","date_gmt":"2013-06-13T09:17:27","guid":{"rendered":"http:\/\/sundalsryr.se\/?page_id=1718"},"modified":"2013-06-13T09:17:27","modified_gmt":"2013-06-13T09:17:27","slug":"badplatsen","status":"publish","type":"page","link":"https:\/\/sundalsryr.se\/?page_id=1718","title":{"rendered":"Badplatsen"},"content":{"rendered":"<p><a href=\"http:\/\/sundalsryr.se\/wp-content\/uploads\/2013\/06\/2012-06-14-020.jpg\"><img loading=\"lazy\" decoding=\"async\" class=\"alignleft size-medium wp-image-1719\" title=\"2012-06-14 020\" src=\"http:\/\/sundalsryr.se\/wp-content\/uploads\/2013\/06\/2012-06-14-020-300x225.jpg\" alt=\"\" width=\"300\" height=\"225\" srcset=\"https:\/\/sundalsryr.se\/wp-content\/uploads\/2013\/06\/2012-06-14-020-300x225.jpg 300w, https:\/\/sundalsryr.se\/wp-content\/uploads\/2013\/06\/2012-06-14-020-1024x768.jpg 1024w\" sizes=\"(max-width: 300px) 100vw, 300px\" \/><\/a>Vid sj\u00f6n Bollungen finns en badplats som byalaget st\u00e4dar inf\u00f6r varje bads\u00e4song. Det finns en asfalterad parkering vid v\u00e4gen. Vid badplatsen finns det bord att sitta vid, en grillplats och b\u00e5de sand och gr\u00e4s att sola och leka vid.<\/p>\n","protected":false},"excerpt":{"rendered":"<p>Vid sj\u00f6n Bollungen finns en badplats som byalaget st\u00e4dar inf\u00f6r varje bads\u00e4song. Det finns en asfalterad parkering vid v\u00e4gen. Vid badplatsen finns det bord att sitta vid, en grillplats och b\u00e5de sand och gr\u00e4s att sola och leka vid.<\/p>\n","protected":false},"author":2,"featured_media":0,"parent":38,"menu_order":2,"comment_status":"open","ping_status":"open","template":"","meta":{"_monsterinsights_skip_tracking":false,"_monsterinsights_sitenote_active":false,"_monsterinsights_sitenote_note":"","_monsterinsights_sitenote_category":0,"footnotes":""},"class_list":["post-1718","page","type-page","status-publish","hentry"],"_links":{"self":[{"href":"https:\/\/sundalsryr.se\/index.php?rest_route=\/wp\/v2\/pages\/1718"}],"collection":[{"href":"https:\/\/sundalsryr.se\/index.php?rest_route=\/wp\/v2\/pages"}],"about":[{"href":"https:\/\/sundalsryr.se\/index.php?rest_route=\/wp\/v2\/types\/page"}],"author":[{"embeddable":true,"href":"https:\/\/sundalsryr.se\/index.php?rest_route=\/wp\/v2\/users\/2"}],"replies":[{"embeddable":true,"href":"https:\/\/sundalsryr.se\/index.php?rest_route=%2Fwp%2Fv2%2Fcomments&post=1718"}],"version-history":[{"count":1,"href":"https:\/\/sundalsryr.se\/index.php?rest_route=\/wp\/v2\/pages\/1718\/revisions"}],"predecessor-version":[{"id":1720,"href":"https:\/\/sundalsryr.se\/index.php?rest_route=\/wp\/v2\/pages\/1718\/revisions\/1720"}],"up":[{"embeddable":true,"href":"https:\/\/sundalsryr.se\/index.php?rest_route=\/wp\/v2\/pages\/38"}],"wp:attachment":[{"href":"https:\/\/sundalsryr.se\/index.php?rest_route=%2Fwp%2Fv2%2Fmedia&parent=1718"}],"curies":[{"name":"wp","href":"https:\/\/api.w.org\/{rel}","templated":true}]}}