{"id":1721,"date":"2013-06-13T09:22:55","date_gmt":"2013-06-13T09:22:55","guid":{"rendered":"http:\/\/sundalsryr.se\/?page_id=1721"},"modified":"2024-04-16T09:06:31","modified_gmt":"2024-04-16T09:06:31","slug":"mulle","status":"publish","type":"page","link":"https:\/\/sundalsryr.se\/?page_id=1721","title":{"rendered":"Mulle"},"content":{"rendered":"<p><a href=\"http:\/\/sundalsryr.se\/wp-content\/uploads\/2013\/06\/P1110660.jpg\"><img loading=\"lazy\" decoding=\"async\" class=\"alignleft size-medium wp-image-1722\" title=\"Mulle och hans v\u00e4nner p\u00e5 Mulles dag 2013\" src=\"http:\/\/sundalsryr.se\/wp-content\/uploads\/2013\/06\/P1110660-300x225.jpg\" alt=\"\" width=\"300\" height=\"225\" srcset=\"https:\/\/sundalsryr.se\/wp-content\/uploads\/2013\/06\/P1110660-300x225.jpg 300w, https:\/\/sundalsryr.se\/wp-content\/uploads\/2013\/06\/P1110660-1024x768.jpg 1024w\" sizes=\"(max-width: 300px) 100vw, 300px\" \/><\/a>I Friluftsfr\u00e4mjandets regi finns det Knopp (1-2 \u00e5r), Knytte (3-4 \u00e5r), Mulle (5-6 \u00e5r), Str\u00f6vare (7-9 \u00e5r) och Lufsar-grupper (10 \u00e5 och upp\u00e5t) i Sundals Ryr. Grupperna utg\u00e5r fr\u00e5n Granan. Har du barn som \u00e4r intresserade av att f\u00f6lja med ut i naturen eller vill du vara med och inspirera barnen i skogen som ledare, se mer information p\u00e5 <a href=\"https:\/\/www.friluftsframjandet.se\/regioner\/vast\/lokalavdelningar\/vanersborg\/Barnverksamhet\/\">Friluftfr\u00e4mjandets hemsida<\/a><\/p>\n","protected":false},"excerpt":{"rendered":"<p>I Friluftsfr\u00e4mjandets regi finns det Knopp (1-2 \u00e5r), Knytte (3-4 \u00e5r), Mulle (5-6 \u00e5r), Str\u00f6vare (7-9 \u00e5r) och Lufsar-grupper (10 \u00e5 och upp\u00e5t) i Sundals Ryr. Grupperna utg\u00e5r fr\u00e5n Granan. Har du barn som \u00e4r intresserade av att f\u00f6lja med ut i naturen eller vill du vara med och inspirera barnen i skogen som ledare,&#8230;<\/p>\n","protected":false},"author":2,"featured_media":0,"parent":136,"menu_order":5,"comment_status":"open","ping_status":"open","template":"","meta":{"_monsterinsights_skip_tracking":false,"_monsterinsights_sitenote_active":false,"_monsterinsights_sitenote_note":"","_monsterinsights_sitenote_category":0,"footnotes":""},"class_list":["post-1721","page","type-page","status-publish","hentry"],"_links":{"self":[{"href":"https:\/\/sundalsryr.se\/index.php?rest_route=\/wp\/v2\/pages\/1721"}],"collection":[{"href":"https:\/\/sundalsryr.se\/index.php?rest_route=\/wp\/v2\/pages"}],"about":[{"href":"https:\/\/sundalsryr.se\/index.php?rest_route=\/wp\/v2\/types\/page"}],"author":[{"embeddable":true,"href":"https:\/\/sundalsryr.se\/index.php?rest_route=\/wp\/v2\/users\/2"}],"replies":[{"embeddable":true,"href":"https:\/\/sundalsryr.se\/index.php?rest_route=%2Fwp%2Fv2%2Fcomments&post=1721"}],"version-history":[{"count":4,"href":"https:\/\/sundalsryr.se\/index.php?rest_route=\/wp\/v2\/pages\/1721\/revisions"}],"predecessor-version":[{"id":6006,"href":"https:\/\/sundalsryr.se\/index.php?rest_route=\/wp\/v2\/pages\/1721\/revisions\/6006"}],"up":[{"embeddable":true,"href":"https:\/\/sundalsryr.se\/index.php?rest_route=\/wp\/v2\/pages\/136"}],"wp:attachment":[{"href":"https:\/\/sundalsryr.se\/index.php?rest_route=%2Fwp%2Fv2%2Fmedia&parent=1721"}],"curies":[{"name":"wp","href":"https:\/\/api.w.org\/{rel}","templated":true}]}}