{"id":177,"date":"2010-09-14T11:17:44","date_gmt":"2010-09-14T11:17:44","guid":{"rendered":"http:\/\/sundalsryr.se\/?page_id=177"},"modified":"2010-09-14T11:17:44","modified_gmt":"2010-09-14T11:17:44","slug":"sveriges-kyrkor","status":"publish","type":"page","link":"https:\/\/sundalsryr.se\/?page_id=177","title":{"rendered":"Sveriges kyrkor"},"content":{"rendered":"<p>Boken \u00e4r skriven av S. Gunn\u00e4s och B. Wald\u00e8n 1931.<\/p>\n","protected":false},"excerpt":{"rendered":"<p>Boken \u00e4r skriven av S. Gunn\u00e4s och B. Wald\u00e8n 1931.<\/p>\n","protected":false},"author":2,"featured_media":0,"parent":96,"menu_order":75,"comment_status":"open","ping_status":"open","template":"","meta":{"_monsterinsights_skip_tracking":false,"_monsterinsights_sitenote_active":false,"_monsterinsights_sitenote_note":"","_monsterinsights_sitenote_category":0,"footnotes":""},"class_list":["post-177","page","type-page","status-publish","hentry"],"_links":{"self":[{"href":"https:\/\/sundalsryr.se\/index.php?rest_route=\/wp\/v2\/pages\/177"}],"collection":[{"href":"https:\/\/sundalsryr.se\/index.php?rest_route=\/wp\/v2\/pages"}],"about":[{"href":"https:\/\/sundalsryr.se\/index.php?rest_route=\/wp\/v2\/types\/page"}],"author":[{"embeddable":true,"href":"https:\/\/sundalsryr.se\/index.php?rest_route=\/wp\/v2\/users\/2"}],"replies":[{"embeddable":true,"href":"https:\/\/sundalsryr.se\/index.php?rest_route=%2Fwp%2Fv2%2Fcomments&post=177"}],"version-history":[{"count":1,"href":"https:\/\/sundalsryr.se\/index.php?rest_route=\/wp\/v2\/pages\/177\/revisions"}],"predecessor-version":[{"id":178,"href":"https:\/\/sundalsryr.se\/index.php?rest_route=\/wp\/v2\/pages\/177\/revisions\/178"}],"up":[{"embeddable":true,"href":"https:\/\/sundalsryr.se\/index.php?rest_route=\/wp\/v2\/pages\/96"}],"wp:attachment":[{"href":"https:\/\/sundalsryr.se\/index.php?rest_route=%2Fwp%2Fv2%2Fmedia&parent=177"}],"curies":[{"name":"wp","href":"https:\/\/api.w.org\/{rel}","templated":true}]}}