{"id":28,"date":"2010-06-29T21:15:55","date_gmt":"2010-06-29T21:15:55","guid":{"rendered":"http:\/\/sundalsryr.se\/?page_id=28"},"modified":"2020-07-08T08:53:09","modified_gmt":"2020-07-08T08:53:09","slug":"aktivitetsleden","status":"publish","type":"page","link":"https:\/\/sundalsryr.se\/?page_id=28","title":{"rendered":"F\u00f6r vandraren"},"content":{"rendered":"<p>Klicka p\u00e5 l\u00e4nken f\u00f6r att f\u00e5 mer information f\u00f6r dig som tycker om att vandra \u00a0\u00a0 <a href=\"http:\/\/sundalsryr.se\/wp-content\/uploads\/2010\/06\/sr_reklam_vandring_korr.pdf\">F\u00f6r vandraren<\/a><\/p>\n","protected":false},"excerpt":{"rendered":"<p>Klicka p\u00e5 l\u00e4nken f\u00f6r att f\u00e5 mer information f\u00f6r dig som tycker om att vandra \u00a0\u00a0 F\u00f6r vandraren<\/p>\n","protected":false},"author":2,"featured_media":0,"parent":26,"menu_order":1,"comment_status":"open","ping_status":"open","template":"","meta":{"_monsterinsights_skip_tracking":false,"_monsterinsights_sitenote_active":false,"_monsterinsights_sitenote_note":"","_monsterinsights_sitenote_category":0,"footnotes":""},"class_list":["post-28","page","type-page","status-publish","hentry"],"_links":{"self":[{"href":"https:\/\/sundalsryr.se\/index.php?rest_route=\/wp\/v2\/pages\/28"}],"collection":[{"href":"https:\/\/sundalsryr.se\/index.php?rest_route=\/wp\/v2\/pages"}],"about":[{"href":"https:\/\/sundalsryr.se\/index.php?rest_route=\/wp\/v2\/types\/page"}],"author":[{"embeddable":true,"href":"https:\/\/sundalsryr.se\/index.php?rest_route=\/wp\/v2\/users\/2"}],"replies":[{"embeddable":true,"href":"https:\/\/sundalsryr.se\/index.php?rest_route=%2Fwp%2Fv2%2Fcomments&post=28"}],"version-history":[{"count":9,"href":"https:\/\/sundalsryr.se\/index.php?rest_route=\/wp\/v2\/pages\/28\/revisions"}],"predecessor-version":[{"id":4851,"href":"https:\/\/sundalsryr.se\/index.php?rest_route=\/wp\/v2\/pages\/28\/revisions\/4851"}],"up":[{"embeddable":true,"href":"https:\/\/sundalsryr.se\/index.php?rest_route=\/wp\/v2\/pages\/26"}],"wp:attachment":[{"href":"https:\/\/sundalsryr.se\/index.php?rest_route=%2Fwp%2Fv2%2Fmedia&parent=28"}],"curies":[{"name":"wp","href":"https:\/\/api.w.org\/{rel}","templated":true}]}}