{"id":31,"date":"2010-06-29T21:19:15","date_gmt":"2010-06-29T21:19:15","guid":{"rendered":"http:\/\/sundalsryr.se\/?page_id=31"},"modified":"2020-07-08T08:54:46","modified_gmt":"2020-07-08T08:54:46","slug":"informationsgruppen","status":"publish","type":"page","link":"https:\/\/sundalsryr.se\/?page_id=31","title":{"rendered":"F\u00f6r h\u00e4st\u00e4lskaren"},"content":{"rendered":"<p>Klicka p\u00e5 l\u00e4nken f\u00f6r att f\u00e5 mer information f\u00f6r dig som tycker om att ta dig ut i skog och mark med h\u00e4st \u00a0 \u00a0 \u00a0 \u00a0 \u00a0 \u00a0 \u00a0 \u00a0 \u00a0 \u00a0 \u00a0 \u00a0 \u00a0 \u00a0 \u00a0 \u00a0 \u00a0 \u00a0 \u00a0\u00a0 <a href=\"http:\/\/sundalsryr.se\/wp-content\/uploads\/2010\/06\/sr_reklam_hast_korr.pdf\">F\u00f6r h\u00e4st\u00e4lskaren<\/a><\/p>\n","protected":false},"excerpt":{"rendered":"<p>Klicka p\u00e5 l\u00e4nken f\u00f6r att f\u00e5 mer information f\u00f6r dig som tycker om att ta dig ut i skog och mark med h\u00e4st \u00a0 \u00a0 \u00a0 \u00a0 \u00a0 \u00a0 \u00a0 \u00a0 \u00a0 \u00a0 \u00a0 \u00a0 \u00a0 \u00a0 \u00a0 \u00a0 \u00a0 \u00a0 \u00a0\u00a0 F\u00f6r h\u00e4st\u00e4lskaren<\/p>\n","protected":false},"author":2,"featured_media":0,"parent":26,"menu_order":10,"comment_status":"open","ping_status":"open","template":"","meta":{"_monsterinsights_skip_tracking":false,"_monsterinsights_sitenote_active":false,"_monsterinsights_sitenote_note":"","_monsterinsights_sitenote_category":0,"footnotes":""},"class_list":["post-31","page","type-page","status-publish","hentry"],"_links":{"self":[{"href":"https:\/\/sundalsryr.se\/index.php?rest_route=\/wp\/v2\/pages\/31"}],"collection":[{"href":"https:\/\/sundalsryr.se\/index.php?rest_route=\/wp\/v2\/pages"}],"about":[{"href":"https:\/\/sundalsryr.se\/index.php?rest_route=\/wp\/v2\/types\/page"}],"author":[{"embeddable":true,"href":"https:\/\/sundalsryr.se\/index.php?rest_route=\/wp\/v2\/users\/2"}],"replies":[{"embeddable":true,"href":"https:\/\/sundalsryr.se\/index.php?rest_route=%2Fwp%2Fv2%2Fcomments&post=31"}],"version-history":[{"count":5,"href":"https:\/\/sundalsryr.se\/index.php?rest_route=\/wp\/v2\/pages\/31\/revisions"}],"predecessor-version":[{"id":4853,"href":"https:\/\/sundalsryr.se\/index.php?rest_route=\/wp\/v2\/pages\/31\/revisions\/4853"}],"up":[{"embeddable":true,"href":"https:\/\/sundalsryr.se\/index.php?rest_route=\/wp\/v2\/pages\/26"}],"wp:attachment":[{"href":"https:\/\/sundalsryr.se\/index.php?rest_route=%2Fwp%2Fv2%2Fmedia&parent=31"}],"curies":[{"name":"wp","href":"https:\/\/api.w.org\/{rel}","templated":true}]}}