{"id":4630,"date":"2019-10-13T11:53:43","date_gmt":"2019-10-13T11:53:43","guid":{"rendered":"http:\/\/sundalsryr.se\/?page_id=4630"},"modified":"2025-02-26T19:08:53","modified_gmt":"2025-02-26T19:08:53","slug":"vatten-och-fiberforeningen","status":"publish","type":"page","link":"https:\/\/sundalsryr.se\/?page_id=4630","title":{"rendered":"Vatten o Fiber"},"content":{"rendered":"<p>H\u00e4r \u00e4r kontaktuppgifter till styrelsen f\u00f6r<\/p>\n<p><strong>Samf\u00e4llighetsf\u00f6reningen Sundals ryrs vatten och bredband<\/strong><\/p>\n<p><strong>Ordf\u00f6rande<\/strong><\/p>\n<p>Rickard Pettersson \u00c5rbol\u00a0 \u00a0073-8354723<\/p>\n<p><strong>Vice Ordf\u00f6rande<\/strong><\/p>\n<p>Anders Broberg S\u00f6dra Bleken 070-9350306<\/p>\n<p><strong>Sekreterare<\/strong><\/p>\n<p>Moa Ekwall H\u00f6gen 070-6055507<\/p>\n<p><strong>Register och Fakturaansvarig<\/strong><\/p>\n<p>Angelica Johansson N\u00e4set 072-2228066<\/p>\n<p><strong>Kass\u00f6r<\/strong><\/p>\n<p>Sara Lind Sallebyn\u00a0 \u00a0070-6630373<\/p>\n<p><strong>Vattenansvarig<\/strong><\/p>\n<p>Sebastian Holmqvist V\u00e4stra Bleken 073-6332602<\/p>\n<p><strong>Fiberansvarig<\/strong><\/p>\n<p>Michael Carlsson Torg\u00e4rderud 073-5344960<\/p>\n","protected":false},"excerpt":{"rendered":"<p>H\u00e4r \u00e4r kontaktuppgifter till styrelsen f\u00f6r Samf\u00e4llighetsf\u00f6reningen Sundals ryrs vatten och bredband Ordf\u00f6rande Rickard Pettersson \u00c5rbol\u00a0 \u00a0073-8354723 Vice Ordf\u00f6rande Anders Broberg S\u00f6dra Bleken 070-9350306 Sekreterare Moa Ekwall H\u00f6gen 070-6055507 Register och Fakturaansvarig Angelica Johansson N\u00e4set 072-2228066 Kass\u00f6r Sara Lind Sallebyn\u00a0 \u00a0070-6630373 Vattenansvarig Sebastian Holmqvist V\u00e4stra Bleken 073-6332602 Fiberansvarig Michael Carlsson Torg\u00e4rderud 073-5344960<\/p>\n","protected":false},"author":3,"featured_media":0,"parent":0,"menu_order":0,"comment_status":"closed","ping_status":"closed","template":"","meta":{"_monsterinsights_skip_tracking":false,"_monsterinsights_sitenote_active":false,"_monsterinsights_sitenote_note":"","_monsterinsights_sitenote_category":0,"footnotes":""},"class_list":["post-4630","page","type-page","status-publish","hentry"],"_links":{"self":[{"href":"https:\/\/sundalsryr.se\/index.php?rest_route=\/wp\/v2\/pages\/4630"}],"collection":[{"href":"https:\/\/sundalsryr.se\/index.php?rest_route=\/wp\/v2\/pages"}],"about":[{"href":"https:\/\/sundalsryr.se\/index.php?rest_route=\/wp\/v2\/types\/page"}],"author":[{"embeddable":true,"href":"https:\/\/sundalsryr.se\/index.php?rest_route=\/wp\/v2\/users\/3"}],"replies":[{"embeddable":true,"href":"https:\/\/sundalsryr.se\/index.php?rest_route=%2Fwp%2Fv2%2Fcomments&post=4630"}],"version-history":[{"count":8,"href":"https:\/\/sundalsryr.se\/index.php?rest_route=\/wp\/v2\/pages\/4630\/revisions"}],"predecessor-version":[{"id":6133,"href":"https:\/\/sundalsryr.se\/index.php?rest_route=\/wp\/v2\/pages\/4630\/revisions\/6133"}],"wp:attachment":[{"href":"https:\/\/sundalsryr.se\/index.php?rest_route=%2Fwp%2Fv2%2Fmedia&parent=4630"}],"curies":[{"name":"wp","href":"https:\/\/api.w.org\/{rel}","templated":true}]}}