{"id":4638,"date":"2019-10-13T13:16:38","date_gmt":"2019-10-13T13:16:38","guid":{"rendered":"http:\/\/sundalsryr.se\/?page_id=4638"},"modified":"2023-08-29T18:42:54","modified_gmt":"2023-08-29T18:42:54","slug":"senaste-protokollet","status":"publish","type":"page","link":"https:\/\/sundalsryr.se\/?page_id=4638","title":{"rendered":"Senaste protokollen"},"content":{"rendered":"<p>H\u00e4r finns protokollet fr\u00e5n senaste \u00e5rsm\u00f6tet<\/p>\n<p><a href=\"http:\/\/sundalsryr.se\/wp-content\/uploads\/2022\/05\/Protokoll-Va-och-Fi-2022.docx\">\u00c5rsm\u00f6te Vatten och Fiber 2022<\/a><\/p>\n<p>Vill du ta del av senaste styrelseprotokoll s\u00e5 skicka ett mail till sundalsryr.vattenbredband@gmail.com<\/p>\n","protected":false},"excerpt":{"rendered":"<p>H\u00e4r finns protokollet fr\u00e5n senaste \u00e5rsm\u00f6tet \u00c5rsm\u00f6te Vatten och Fiber 2022 Vill du ta del av senaste styrelseprotokoll s\u00e5 skicka ett mail till sundalsryr.vattenbredband@gmail.com<\/p>\n","protected":false},"author":3,"featured_media":0,"parent":4700,"menu_order":0,"comment_status":"closed","ping_status":"closed","template":"","meta":{"_monsterinsights_skip_tracking":false,"_monsterinsights_sitenote_active":false,"_monsterinsights_sitenote_note":"","_monsterinsights_sitenote_category":0,"footnotes":""},"class_list":["post-4638","page","type-page","status-publish","hentry"],"_links":{"self":[{"href":"https:\/\/sundalsryr.se\/index.php?rest_route=\/wp\/v2\/pages\/4638"}],"collection":[{"href":"https:\/\/sundalsryr.se\/index.php?rest_route=\/wp\/v2\/pages"}],"about":[{"href":"https:\/\/sundalsryr.se\/index.php?rest_route=\/wp\/v2\/types\/page"}],"author":[{"embeddable":true,"href":"https:\/\/sundalsryr.se\/index.php?rest_route=\/wp\/v2\/users\/3"}],"replies":[{"embeddable":true,"href":"https:\/\/sundalsryr.se\/index.php?rest_route=%2Fwp%2Fv2%2Fcomments&post=4638"}],"version-history":[{"count":15,"href":"https:\/\/sundalsryr.se\/index.php?rest_route=\/wp\/v2\/pages\/4638\/revisions"}],"predecessor-version":[{"id":5804,"href":"https:\/\/sundalsryr.se\/index.php?rest_route=\/wp\/v2\/pages\/4638\/revisions\/5804"}],"up":[{"embeddable":true,"href":"https:\/\/sundalsryr.se\/index.php?rest_route=\/wp\/v2\/pages\/4700"}],"wp:attachment":[{"href":"https:\/\/sundalsryr.se\/index.php?rest_route=%2Fwp%2Fv2%2Fmedia&parent=4638"}],"curies":[{"name":"wp","href":"https:\/\/api.w.org\/{rel}","templated":true}]}}