{"id":539,"date":"2011-05-23T19:23:04","date_gmt":"2011-05-23T19:23:04","guid":{"rendered":"http:\/\/sundalsryr.se\/?page_id=539"},"modified":"2013-02-17T17:20:07","modified_gmt":"2013-02-17T17:20:07","slug":"hallristningar","status":"publish","type":"page","link":"https:\/\/sundalsryr.se\/?page_id=539","title":{"rendered":"H\u00e4llristningar"},"content":{"rendered":"<p><a href=\"http:\/\/sundalsryr.se\/wp-content\/uploads\/2011\/05\/hallristning_2.jpg\"><img loading=\"lazy\" decoding=\"async\" class=\"alignleft size-medium wp-image-540\" title=\"H\u00e4llristningar vid Evenstorp\" src=\"http:\/\/sundalsryr.se\/wp-content\/uploads\/2011\/05\/hallristning_2-300x199.jpg\" alt=\"\" width=\"300\" height=\"199\" srcset=\"https:\/\/sundalsryr.se\/wp-content\/uploads\/2011\/05\/hallristning_2-300x199.jpg 300w, https:\/\/sundalsryr.se\/wp-content\/uploads\/2011\/05\/hallristning_2.jpg 1021w\" sizes=\"(max-width: 300px) 100vw, 300px\" \/><\/a>P\u00e5 Evenstorp ligger en av Dalslands mest g\u00e5tfulla h\u00e4llristningar. Det \u00e4r den st\u00f6rsta sammanh\u00e4ngande ristningen i l\u00e4net med en l\u00e4ngd p\u00e5 16 meter. I ristningen finns en ovanlig m\u00e4nniskofigur med trepunktsansikte och upp\u00e5tstr\u00e4ckta h\u00e4nder d\u00e4r fingrarna spretar som i tillbedjan, en s.k. adorant. Runt denna besynnerliga figur finns en rad underliga och mystiska ristningar men ocks\u00e5 m\u00e5nga som \u00e4r vanliga fr\u00e5n denna tids\u00e5lder. Missa inte en fantastisk kvarleva fr\u00e5n en svunnen tid!<\/p>\n<p><a href=\"http:\/\/sundalsryr.se\/wp-content\/uploads\/2011\/05\/skylt.jpg\"><img loading=\"lazy\" decoding=\"async\" class=\"alignleft size-medium wp-image-541\" title=\"Skylt vid h\u00e4llristningarna\" src=\"http:\/\/sundalsryr.se\/wp-content\/uploads\/2011\/05\/skylt-300x199.jpg\" alt=\"\" width=\"300\" height=\"199\" srcset=\"https:\/\/sundalsryr.se\/wp-content\/uploads\/2011\/05\/skylt-300x199.jpg 300w, https:\/\/sundalsryr.se\/wp-content\/uploads\/2011\/05\/skylt.jpg 1021w\" sizes=\"(max-width: 300px) 100vw, 300px\" \/><\/a><\/p>\n","protected":false},"excerpt":{"rendered":"<p>P\u00e5 Evenstorp ligger en av Dalslands mest g\u00e5tfulla h\u00e4llristningar. Det \u00e4r den st\u00f6rsta sammanh\u00e4ngande ristningen i l\u00e4net med en l\u00e4ngd p\u00e5 16 meter. I ristningen finns en ovanlig m\u00e4nniskofigur med trepunktsansikte och upp\u00e5tstr\u00e4ckta h\u00e4nder d\u00e4r fingrarna spretar som i tillbedjan, en s.k. adorant. Runt denna besynnerliga figur finns en rad underliga och mystiska ristningar men&#8230;<\/p>\n","protected":false},"author":2,"featured_media":0,"parent":158,"menu_order":10,"comment_status":"closed","ping_status":"closed","template":"","meta":{"_monsterinsights_skip_tracking":false,"_monsterinsights_sitenote_active":false,"_monsterinsights_sitenote_note":"","_monsterinsights_sitenote_category":0,"footnotes":""},"class_list":["post-539","page","type-page","status-publish","hentry"],"_links":{"self":[{"href":"https:\/\/sundalsryr.se\/index.php?rest_route=\/wp\/v2\/pages\/539"}],"collection":[{"href":"https:\/\/sundalsryr.se\/index.php?rest_route=\/wp\/v2\/pages"}],"about":[{"href":"https:\/\/sundalsryr.se\/index.php?rest_route=\/wp\/v2\/types\/page"}],"author":[{"embeddable":true,"href":"https:\/\/sundalsryr.se\/index.php?rest_route=\/wp\/v2\/users\/2"}],"replies":[{"embeddable":true,"href":"https:\/\/sundalsryr.se\/index.php?rest_route=%2Fwp%2Fv2%2Fcomments&post=539"}],"version-history":[{"count":3,"href":"https:\/\/sundalsryr.se\/index.php?rest_route=\/wp\/v2\/pages\/539\/revisions"}],"predecessor-version":[{"id":1479,"href":"https:\/\/sundalsryr.se\/index.php?rest_route=\/wp\/v2\/pages\/539\/revisions\/1479"}],"up":[{"embeddable":true,"href":"https:\/\/sundalsryr.se\/index.php?rest_route=\/wp\/v2\/pages\/158"}],"wp:attachment":[{"href":"https:\/\/sundalsryr.se\/index.php?rest_route=%2Fwp%2Fv2%2Fmedia&parent=539"}],"curies":[{"name":"wp","href":"https:\/\/api.w.org\/{rel}","templated":true}]}}