{"id":5723,"date":"2023-06-26T17:49:02","date_gmt":"2023-06-26T17:49:02","guid":{"rendered":"http:\/\/sundalsryr.se\/?page_id=5723"},"modified":"2023-08-08T17:49:05","modified_gmt":"2023-08-08T17:49:05","slug":"felsokning-fiber","status":"publish","type":"page","link":"https:\/\/sundalsryr.se\/?page_id=5723","title":{"rendered":"Fels\u00f6kning fiber, TV och telefoni"},"content":{"rendered":"\n<p>Steg ett \u00e4r att testa att starta om all utrustning.<\/p>\n\n\n\n<p>H\u00e4r finns en lathund f\u00f6r hur du skall g\u00e5 tillv\u00e4ga:<\/p>\n\n\n\n<p><a href=\"http:\/\/sundalsryr.se\/wp-content\/uploads\/2023\/01\/Hur-du-startar-om-TV-internet-och-telefoni.pdf\">Hur du startar om TV internet och telefoni<\/a><\/p>\n\n\n\n<p>Om fiber eller tv fortfarande inte fungerar ringer du som kund till Telia p\u00e5 telefonnummer <strong>020-20 20 70<\/strong>.<\/p>\n\n\n\n<p>Du som kund beh\u00f6ver f\u00f6rklara f\u00f6ljande:&nbsp;<\/p>\n\n\n\n<ul class=\"wp-block-list\">\n<li>att din fastighet ing\u00e5r i en samf\u00e4llighetsf\u00f6rening.<\/li>\n\n\n\n<li>att f\u00f6reningen har ett avtal med Telia.<\/li>\n\n\n\n<li>att du som kund har r\u00e4tt att byta ut trasig utrustning utan kostnad.<\/li>\n<\/ul>\n","protected":false},"excerpt":{"rendered":"<p>Steg ett \u00e4r att testa att starta om all utrustning. H\u00e4r finns en lathund f\u00f6r hur du skall g\u00e5 tillv\u00e4ga: Hur du startar om TV internet och telefoni Om fiber eller tv fortfarande inte fungerar ringer du som kund till Telia p\u00e5 telefonnummer 020-20 20 70. Du som kund beh\u00f6ver f\u00f6rklara f\u00f6ljande:&nbsp;<\/p>\n","protected":false},"author":9,"featured_media":0,"parent":5700,"menu_order":0,"comment_status":"closed","ping_status":"closed","template":"","meta":{"_monsterinsights_skip_tracking":false,"_monsterinsights_sitenote_active":false,"_monsterinsights_sitenote_note":"","_monsterinsights_sitenote_category":0,"footnotes":""},"class_list":["post-5723","page","type-page","status-publish","hentry"],"_links":{"self":[{"href":"https:\/\/sundalsryr.se\/index.php?rest_route=\/wp\/v2\/pages\/5723"}],"collection":[{"href":"https:\/\/sundalsryr.se\/index.php?rest_route=\/wp\/v2\/pages"}],"about":[{"href":"https:\/\/sundalsryr.se\/index.php?rest_route=\/wp\/v2\/types\/page"}],"author":[{"embeddable":true,"href":"https:\/\/sundalsryr.se\/index.php?rest_route=\/wp\/v2\/users\/9"}],"replies":[{"embeddable":true,"href":"https:\/\/sundalsryr.se\/index.php?rest_route=%2Fwp%2Fv2%2Fcomments&post=5723"}],"version-history":[{"count":4,"href":"https:\/\/sundalsryr.se\/index.php?rest_route=\/wp\/v2\/pages\/5723\/revisions"}],"predecessor-version":[{"id":5763,"href":"https:\/\/sundalsryr.se\/index.php?rest_route=\/wp\/v2\/pages\/5723\/revisions\/5763"}],"up":[{"embeddable":true,"href":"https:\/\/sundalsryr.se\/index.php?rest_route=\/wp\/v2\/pages\/5700"}],"wp:attachment":[{"href":"https:\/\/sundalsryr.se\/index.php?rest_route=%2Fwp%2Fv2%2Fmedia&parent=5723"}],"curies":[{"name":"wp","href":"https:\/\/api.w.org\/{rel}","templated":true}]}}