{"id":77,"date":"2010-07-07T21:45:45","date_gmt":"2010-07-07T21:45:45","guid":{"rendered":"http:\/\/sundalsryr.se\/?page_id=77"},"modified":"2013-02-17T17:14:03","modified_gmt":"2013-02-17T17:14:03","slug":"boende","status":"publish","type":"page","link":"https:\/\/sundalsryr.se\/?page_id=77","title":{"rendered":"Boende"},"content":{"rendered":"<p><a href=\"http:\/\/sundalsryr.se\/wp-content\/uploads\/2010\/07\/paradiset_20100615_1.jpg\"><img loading=\"lazy\" decoding=\"async\" class=\"alignleft size-medium wp-image-1471\" title=\"paradiset_20100615_1\" src=\"http:\/\/sundalsryr.se\/wp-content\/uploads\/2010\/07\/paradiset_20100615_1-300x199.jpg\" alt=\"\" width=\"300\" height=\"199\" srcset=\"https:\/\/sundalsryr.se\/wp-content\/uploads\/2010\/07\/paradiset_20100615_1-300x199.jpg 300w, https:\/\/sundalsryr.se\/wp-content\/uploads\/2010\/07\/paradiset_20100615_1.jpg 1021w\" sizes=\"(max-width: 300px) 100vw, 300px\" \/><\/a>Det finns m\u00f6jlighet att hyra stuga i vackra Sundals Ryr. Du kan v\u00e4lja mellan att bo vid sj\u00f6n eller bo n\u00e4rmare lantlivet med m\u00f6jlighet att ta med egen h\u00e4st. F\u00f6r att hitta till de olika\u00a0stugorna klicka p\u00e5\u00a0l\u00e4nkarna som finns p\u00e5 h\u00f6ger sida. Det finns mycket att se p\u00e5 och uppleva i bygden. Allteftersom kommer vi att fylla p\u00e5 denna sidan med sev\u00e4rdheter och upplevelser. Det finns ocks\u00e5 stora m\u00f6jligheter att sj\u00e4lv hitta sina smultronst\u00e4llen.<\/p>\n","protected":false},"excerpt":{"rendered":"<p>Det finns m\u00f6jlighet att hyra stuga i vackra Sundals Ryr. Du kan v\u00e4lja mellan att bo vid sj\u00f6n eller bo n\u00e4rmare lantlivet med m\u00f6jlighet att ta med egen h\u00e4st. F\u00f6r att hitta till de olika\u00a0stugorna klicka p\u00e5\u00a0l\u00e4nkarna som finns p\u00e5 h\u00f6ger sida. Det finns mycket att se p\u00e5 och uppleva i bygden. Allteftersom kommer vi&#8230;<\/p>\n","protected":false},"author":2,"featured_media":0,"parent":0,"menu_order":50,"comment_status":"closed","ping_status":"closed","template":"","meta":{"_monsterinsights_skip_tracking":false,"_monsterinsights_sitenote_active":false,"_monsterinsights_sitenote_note":"","_monsterinsights_sitenote_category":0,"footnotes":""},"class_list":["post-77","page","type-page","status-publish","hentry"],"_links":{"self":[{"href":"https:\/\/sundalsryr.se\/index.php?rest_route=\/wp\/v2\/pages\/77"}],"collection":[{"href":"https:\/\/sundalsryr.se\/index.php?rest_route=\/wp\/v2\/pages"}],"about":[{"href":"https:\/\/sundalsryr.se\/index.php?rest_route=\/wp\/v2\/types\/page"}],"author":[{"embeddable":true,"href":"https:\/\/sundalsryr.se\/index.php?rest_route=\/wp\/v2\/users\/2"}],"replies":[{"embeddable":true,"href":"https:\/\/sundalsryr.se\/index.php?rest_route=%2Fwp%2Fv2%2Fcomments&post=77"}],"version-history":[{"count":4,"href":"https:\/\/sundalsryr.se\/index.php?rest_route=\/wp\/v2\/pages\/77\/revisions"}],"predecessor-version":[{"id":79,"href":"https:\/\/sundalsryr.se\/index.php?rest_route=\/wp\/v2\/pages\/77\/revisions\/79"}],"wp:attachment":[{"href":"https:\/\/sundalsryr.se\/index.php?rest_route=%2Fwp%2Fv2%2Fmedia&parent=77"}],"curies":[{"name":"wp","href":"https:\/\/api.w.org\/{rel}","templated":true}]}}